{"id":131,"date":"2018-10-03T07:36:55","date_gmt":"2018-10-03T07:36:55","guid":{"rendered":"https:\/\/rynningefastighetsutveckling.se\/?page_id=131"},"modified":"2018-10-03T08:09:22","modified_gmt":"2018-10-03T08:09:22","slug":"bygg","status":"publish","type":"page","link":"https:\/\/rynningefastighetsutveckling.se\/?page_id=131","title":{"rendered":"Bygg"},"content":{"rendered":"<p>Vi utf\u00f6r alla typer av byggarbeten fr\u00e5n mindre entreprenader, byggservice, ramavtal, till ROT-arbeten \u00e5t privatpersoner, fastighets\u00e4gare och f\u00f6reningar.<\/p>\n<h6><img loading=\"lazy\" decoding=\"async\" class=\"alignnone size-thumbnail wp-image-145\" src=\"https:\/\/rynningefastighetsutveckling.se\/wp-content\/uploads\/2018\/10\/IMG_6912-150x150.jpg\" alt=\"\" width=\"150\" height=\"150\" srcset=\"https:\/\/rynningefastighetsutveckling.se\/wp-content\/uploads\/2018\/10\/IMG_6912-150x150.jpg 150w, https:\/\/rynningefastighetsutveckling.se\/wp-content\/uploads\/2018\/10\/IMG_6912-300x300.jpg 300w, https:\/\/rynningefastighetsutveckling.se\/wp-content\/uploads\/2018\/10\/IMG_6912.jpg 600w\" sizes=\"auto, (max-width: 150px) 100vw, 150px\" \/>\u00a0\u00a0\u00a0\u00a0\u00a0 \u00a0\u00a0\u00a0\u00a0\u00a0 \u00a0 <img loading=\"lazy\" decoding=\"async\" class=\"alignnone size-thumbnail wp-image-146\" src=\"https:\/\/rynningefastighetsutveckling.se\/wp-content\/uploads\/2018\/10\/IMG_8594-e1538554050960-113x150.jpg\" alt=\"\" width=\"113\" height=\"150\" \/><br \/>\n<em>Nytt k\u00f6k, golv och v\u00e4ggar lgh.\u00a0\u00a0\u00a0\u00a0\u00a0\u00a0 Nybyggnation \u00f6verv\u00e5ning villa.<\/em><\/h6>\n<p>&nbsp;<\/p>\n","protected":false},"excerpt":{"rendered":"<p>Vi utf\u00f6r alla typer av byggarbeten fr\u00e5n mindre entreprenader, byggservice, ramavtal, till ROT-arbeten \u00e5t privatpersoner, fastighets\u00e4gare och f\u00f6reningar. \u00a0\u00a0\u00a0\u00a0\u00a0 \u00a0\u00a0\u00a0\u00a0\u00a0 \u00a0 Nytt k\u00f6k, golv och v\u00e4ggar lgh.\u00a0\u00a0\u00a0\u00a0\u00a0\u00a0 Nybyggnation \u00f6verv\u00e5ning villa. &nbsp;<\/p>\n","protected":false},"author":2,"featured_media":0,"parent":0,"menu_order":0,"comment_status":"closed","ping_status":"closed","template":"","meta":{"footnotes":""},"class_list":["post-131","page","type-page","status-publish","hentry"],"_links":{"self":[{"href":"https:\/\/rynningefastighetsutveckling.se\/index.php?rest_route=\/wp\/v2\/pages\/131","targetHints":{"allow":["GET"]}}],"collection":[{"href":"https:\/\/rynningefastighetsutveckling.se\/index.php?rest_route=\/wp\/v2\/pages"}],"about":[{"href":"https:\/\/rynningefastighetsutveckling.se\/index.php?rest_route=\/wp\/v2\/types\/page"}],"author":[{"embeddable":true,"href":"https:\/\/rynningefastighetsutveckling.se\/index.php?rest_route=\/wp\/v2\/users\/2"}],"replies":[{"embeddable":true,"href":"https:\/\/rynningefastighetsutveckling.se\/index.php?rest_route=%2Fwp%2Fv2%2Fcomments&post=131"}],"version-history":[{"count":7,"href":"https:\/\/rynningefastighetsutveckling.se\/index.php?rest_route=\/wp\/v2\/pages\/131\/revisions"}],"predecessor-version":[{"id":150,"href":"https:\/\/rynningefastighetsutveckling.se\/index.php?rest_route=\/wp\/v2\/pages\/131\/revisions\/150"}],"wp:attachment":[{"href":"https:\/\/rynningefastighetsutveckling.se\/index.php?rest_route=%2Fwp%2Fv2%2Fmedia&parent=131"}],"curies":[{"name":"wp","href":"https:\/\/api.w.org\/{rel}","templated":true}]}}