{"id":133,"date":"2018-10-03T07:39:29","date_gmt":"2018-10-03T07:39:29","guid":{"rendered":"https:\/\/rynningefastighetsutveckling.se\/?page_id=133"},"modified":"2018-10-03T08:00:53","modified_gmt":"2018-10-03T08:00:53","slug":"fastighet","status":"publish","type":"page","link":"https:\/\/rynningefastighetsutveckling.se\/?page_id=133","title":{"rendered":"Fastighet"},"content":{"rendered":"<p>Vi kan\u00a0utf\u00f6ra tr\u00e4dg\u00e5rdsarbete\u00a0\u00a0\u00e5t fastighets\u00e4gare och privatpersoner.<br \/>\nVi kan \u00e4ven g\u00f6ra l\u00f6pande lokalv\u00e5rd b\u00e5de mot f\u00f6retag och privatpersoner.<\/p>\n<p><img loading=\"lazy\" decoding=\"async\" class=\"alignnone size-thumbnail wp-image-140 aligncenter\" src=\"https:\/\/rynningefastighetsutveckling.se\/wp-content\/uploads\/2018\/10\/IMG_9963-e1538553503150-113x150.jpg\" alt=\"\" width=\"113\" height=\"150\" \/>\u00a0\u00a0\u00a0\u00a0 <img loading=\"lazy\" decoding=\"async\" class=\"alignnone size-thumbnail wp-image-142 aligncenter\" src=\"https:\/\/rynningefastighetsutveckling.se\/wp-content\/uploads\/2018\/10\/IMG_9956-150x150.jpg\" alt=\"\" width=\"150\" height=\"150\" \/><\/p>\n","protected":false},"excerpt":{"rendered":"<p>Vi kan\u00a0utf\u00f6ra tr\u00e4dg\u00e5rdsarbete\u00a0\u00a0\u00e5t fastighets\u00e4gare och privatpersoner. Vi kan \u00e4ven g\u00f6ra l\u00f6pande lokalv\u00e5rd b\u00e5de mot f\u00f6retag och privatpersoner. \u00a0\u00a0\u00a0\u00a0<\/p>\n","protected":false},"author":2,"featured_media":0,"parent":0,"menu_order":0,"comment_status":"closed","ping_status":"closed","template":"","meta":{"footnotes":""},"class_list":["post-133","page","type-page","status-publish","hentry"],"_links":{"self":[{"href":"https:\/\/rynningefastighetsutveckling.se\/index.php?rest_route=\/wp\/v2\/pages\/133","targetHints":{"allow":["GET"]}}],"collection":[{"href":"https:\/\/rynningefastighetsutveckling.se\/index.php?rest_route=\/wp\/v2\/pages"}],"about":[{"href":"https:\/\/rynningefastighetsutveckling.se\/index.php?rest_route=\/wp\/v2\/types\/page"}],"author":[{"embeddable":true,"href":"https:\/\/rynningefastighetsutveckling.se\/index.php?rest_route=\/wp\/v2\/users\/2"}],"replies":[{"embeddable":true,"href":"https:\/\/rynningefastighetsutveckling.se\/index.php?rest_route=%2Fwp%2Fv2%2Fcomments&post=133"}],"version-history":[{"count":4,"href":"https:\/\/rynningefastighetsutveckling.se\/index.php?rest_route=\/wp\/v2\/pages\/133\/revisions"}],"predecessor-version":[{"id":144,"href":"https:\/\/rynningefastighetsutveckling.se\/index.php?rest_route=\/wp\/v2\/pages\/133\/revisions\/144"}],"wp:attachment":[{"href":"https:\/\/rynningefastighetsutveckling.se\/index.php?rest_route=%2Fwp%2Fv2%2Fmedia&parent=133"}],"curies":[{"name":"wp","href":"https:\/\/api.w.org\/{rel}","templated":true}]}}