{"id":35,"date":"2018-02-28T19:00:53","date_gmt":"2018-02-28T19:00:53","guid":{"rendered":"https:\/\/rynningefastighetsutveckling.se\/?page_id=35"},"modified":"2018-10-03T07:49:27","modified_gmt":"2018-10-03T07:49:27","slug":"om-oss","status":"publish","type":"page","link":"https:\/\/rynningefastighetsutveckling.se\/?page_id=35","title":{"rendered":"Om oss"},"content":{"rendered":"<p>Vi \u00e4r ett mindre f\u00f6retag som framf\u00f6rallt arbetar inom bygg med renovering, nybyggnation och sm\u00e5 entreprenader. Vi kan \u00e4ven utf\u00f6ra tj\u00e4nster inom lokalv\u00e5rd och fastighetssk\u00f6tsel.<\/p>\n","protected":false},"excerpt":{"rendered":"<p>Vi \u00e4r ett mindre f\u00f6retag som framf\u00f6rallt arbetar inom bygg med renovering, nybyggnation och sm\u00e5 entreprenader. Vi kan \u00e4ven utf\u00f6ra tj\u00e4nster inom lokalv\u00e5rd och fastighetssk\u00f6tsel.<\/p>\n","protected":false},"author":2,"featured_media":0,"parent":0,"menu_order":0,"comment_status":"closed","ping_status":"closed","template":"","meta":{"footnotes":""},"class_list":["post-35","page","type-page","status-publish","hentry"],"_links":{"self":[{"href":"https:\/\/rynningefastighetsutveckling.se\/index.php?rest_route=\/wp\/v2\/pages\/35","targetHints":{"allow":["GET"]}}],"collection":[{"href":"https:\/\/rynningefastighetsutveckling.se\/index.php?rest_route=\/wp\/v2\/pages"}],"about":[{"href":"https:\/\/rynningefastighetsutveckling.se\/index.php?rest_route=\/wp\/v2\/types\/page"}],"author":[{"embeddable":true,"href":"https:\/\/rynningefastighetsutveckling.se\/index.php?rest_route=\/wp\/v2\/users\/2"}],"replies":[{"embeddable":true,"href":"https:\/\/rynningefastighetsutveckling.se\/index.php?rest_route=%2Fwp%2Fv2%2Fcomments&post=35"}],"version-history":[{"count":8,"href":"https:\/\/rynningefastighetsutveckling.se\/index.php?rest_route=\/wp\/v2\/pages\/35\/revisions"}],"predecessor-version":[{"id":139,"href":"https:\/\/rynningefastighetsutveckling.se\/index.php?rest_route=\/wp\/v2\/pages\/35\/revisions\/139"}],"wp:attachment":[{"href":"https:\/\/rynningefastighetsutveckling.se\/index.php?rest_route=%2Fwp%2Fv2%2Fmedia&parent=35"}],"curies":[{"name":"wp","href":"https:\/\/api.w.org\/{rel}","templated":true}]}}